{"id":21996524,"date":"2023-02-03T11:29:38","date_gmt":"2023-02-03T10:29:38","guid":{"rendered":"https:\/\/www.themanes.cz\/zasady-ochrany-osobnich-udaju\/"},"modified":"2023-02-03T11:29:38","modified_gmt":"2023-02-03T10:29:38","slug":"zasady-ochrany-osobnich-udaju","status":"publish","type":"page","link":"https:\/\/www.themanes.cz\/cs\/zasady-ochrany-osobnich-udaju\/","title":{"rendered":"Z\u00e1sady ochrany osobn\u00edch \u00fadaj\u016f"},"content":{"rendered":"<p><span style=\"font-size: medium;\">V\u00e1\u017een\u00ed host\u00e9,<\/span><\/p>\n<p><span style=\"font-size: medium;\">Mosaic House s. r. o., Odbor\u016f 278\/4, 120 00 Praha (d\u00e1le jen SPR\u00c1VCE) si je v\u011bdom nebezpe\u010d\u00ed plynouc\u00edho z nezodpov\u011bdn\u00e9ho zpracov\u00e1n\u00ed osobn\u00edch \u00fadaj\u016f. V\u00edt\u00e1me proto na\u0159\u00edzen\u00ed Evropsk\u00e9ho parlamentu a Rady (ES) 2016\/679 ze dne 27. dubna 2016 o ochran\u011b fyzick\u00fdch osob v souvislosti se zpracov\u00e1n\u00edm osobn\u00edch \u00fadaj\u016f a o voln\u00e9m pohybu t\u011bchto \u00fadaj\u016f a opakuj\u00edc\u00ed se sm\u011brnice 95\/46\/ ES (obecn\u00e9 na\u0159\u00edzen\u00ed o ochran\u011b osobn\u00edch \u00fadaj\u016f), d\u00e1le jen \u201eGDPR\u201c.<\/span><\/p>\n<p><span style=\"font-size: medium;\">Toto prohl\u00e1\u0161en\u00ed informuje na\u0161e z\u00e1kazn\u00edky, \u017ee jako SPR\u00c1VCE \u00fadaj\u016f zpracov\u00e1v\u00e1me poskytnut\u00e9 osobn\u00ed \u00fadaje za \u00fa\u010delem:<br \/>\n\u2022 dodr\u017eov\u00e1n\u00ed z\u00e1konn\u00fdch povinnost\u00ed vypl\u00fdvaj\u00edc\u00edch ze z\u00e1kon\u016f upravuj\u00edc\u00edch pr\u00e1va a povinnosti v r\u00e1mci ochrany spot\u0159ebitele a veden\u00ed \u00fa\u010detnictv\u00ed<br \/>\n\u2022 identifikace ubytovan\u00fdch host\u016f k zaji\u0161t\u011bn\u00ed jejich bezpe\u010dnosti<br \/>\n\u2022 bezpe\u010dnost osob a majetku<br \/>\n\u2022 zas\u00edl\u00e1n\u00ed obchodn\u00edch sd\u011blen\u00ed, kdy m\u00e1 SPR\u00c1VCE opr\u00e1vn\u011bn\u00fd z\u00e1jem udr\u017eovat kontakt se st\u00e1vaj\u00edc\u00edm z\u00e1kazn\u00edkem<\/span><\/p>\n<p><span style=\"font-size: medium;\">SPR\u00c1VCE se zavazuje zlikvidovat poskytnut\u00e9 osobn\u00ed \u00fadaje po uplynut\u00ed n\u00e1sleduj\u00edc\u00edch lh\u016ft:<br \/>\n\u2022 ve\u0161ker\u00e9 osobn\u00ed \u00fadaje poskytnut\u00e9 v elektronick\u00e9 podob\u011b a ulo\u017een\u00e9 v syst\u00e9mu hotelu po dob\u011b 5 let od posledn\u00ed registrace v syst\u00e9mu (ubytov\u00e1n\u00ed)<br \/>\n\u2022 Vystaven\u00e9 doklady po 10 letech od posledn\u00ed fakturace v p\u0159\u00edpad\u011b z\u00e1konn\u00e9 povinnosti \u2013 z\u00e1kon o dani z p\u0159idan\u00e9 hodnoty (z\u00e1kon \u010d. 235\/2004 Sb.)<br \/>\n\u2022 rezerva\u010dn\u00ed kniha po 6 letech od posledn\u00ed registrace (ubytov\u00e1n\u00ed) \u2013 z\u00e1kon o pobytu cizinc\u016f na \u00fazem\u00ed \u010cR a o zm\u011bn\u011b n\u011bkter\u00fdch z\u00e1kon\u016f (z\u00e1kon \u010d. 326\/1999 Sb.)<\/span><\/p>\n<p><span style=\"font-size: medium;\">Rozsah osobn\u00edch \u00fadaj\u016f:<br \/>\nSPR\u00c1VCE se zavazuje zpracov\u00e1vat osobn\u00ed \u00fadaje pouze v rozsahu nezbytn\u00e9m ve vztahu k v\u00fd\u0161e uveden\u00fdm \u00fa\u010del\u016fm, pro kter\u00e9 jsou \u00fadaje zpracov\u00e1v\u00e1ny<\/span><\/p>\n<p><span style=\"font-size: medium;\">SPR\u00c1VCE prohla\u0161uje, \u017ee osobn\u00ed \u00fadaje zp\u0159\u00edstupn\u00ed pouze p\u0159\u00edslu\u0161n\u00fdm zam\u011bstnanc\u016fm SPR\u00c1VCE, kte\u0159\u00ed jsou povinni zachov\u00e1vat ml\u010denlivost o t\u011bchto \u00fadaj\u00edch, jako\u017e i o bezpe\u010dnostn\u00edch opat\u0159en\u00edch, jejich\u017e zve\u0159ejn\u011bn\u00ed by ohrozilo zabezpe\u010den\u00ed t\u011bchto osobn\u00edch \u00fadaj\u016f. SPR\u00c1VCE prohla\u0161uje, \u017ee osobn\u00ed \u00fadaje pro v\u00fd\u0161e uveden\u00e9 \u00fa\u010dely poskytne n\u00e1sleduj\u00edc\u00edm zpracovatel\u016fm pro n\u00ed\u017ee uveden\u00e9 \u00fa\u010dely: \u2022 C4You, s. r. \u00d3. Poup\u011btova 3, 170 00 Praha 7 \u2013 poskytovatel IT slu\u017eeb<\/p>\n<p>\u2022 Google LLC, 1600 Amphitheatre Parkway, Mountain View, CA 94043, Spojen\u00e9 st\u00e1ty americk\u00e9 \u2013 poskytovatel \u00falo\u017ei\u0161t\u011b dat<br \/>\n\u2022 MEWS SYSTEMS, s.r.o., Maiselova 25\/4, Star\u00e9 M\u011bsto, 110 00 Praha 1 \u2013 poskytovatel on-line rezerva\u010dn\u00edho syst\u00e9mu<br \/>\n\u2022 MOJU properties s.r.o., Dukelsk\u00fdch hrdin\u016f 564\/34, Hole\u0161ovice, 170 00 Praha 7 \u2013 zpracov\u00e1n\u00ed \u00fa\u010detnictv\u00ed<\/span><\/p>\n<p><span style=\"font-size: medium;\">SPR\u00c1VCE informuje z\u00e1kazn\u00edka o tom, \u017ee bude prov\u00e1d\u011bno profilov\u00e1n\u00ed (forma automatizovan\u00e9ho zpracov\u00e1n\u00ed osobn\u00edch \u00fadaj\u016f z\u00e1kazn\u00edka s vyu\u017eit\u00edm osobn\u00edch \u00fadaj\u016f k vyhodnocen\u00ed n\u011bkter\u00fdch osobn\u00edch aspekt\u016f t\u00fdkaj\u00edc\u00edch se z\u00e1kazn\u00edka, zejm\u00e9na k anal\u00fdze nebo odhadu aspekt\u016f souvisej\u00edc\u00edch s osobn\u00edmi preferencemi a z\u00e1jmy). CONTROLLER pou\u017e\u00edv\u00e1 profilov\u00e1n\u00ed pouze k personalizaci nab\u00eddky slu\u017eeb (c\u00edlen\u00e1 reklama). V p\u0159\u00edpad\u011b, \u017ee z\u00e1kazn\u00edk vznese n\u00e1mitku proti profilov\u00e1n\u00ed, zavazuje se SPR\u00c1VCE profilov\u00e1n\u00ed ve vztahu k z\u00e1kazn\u00edkovi ukon\u010dit.<br \/>\nPr\u00e1va subjektu \u00fadaj\u016f: SPR\u00c1VCE informuje z\u00e1kazn\u00edka o pr\u00e1vech, kter\u00e1 vypl\u00fdvaj\u00ed z GDPR, zejm\u00e9na: * Pr\u00e1vo na p\u0159\u00edstup k osobn\u00edm \u00fadaj\u016fm (subjekt \u00fadaj\u016f m\u00e1 pr\u00e1vo z\u00edskat od SPR\u00c1VCE potvrzen\u00ed, \u017ee osobn\u00ed \u00fadaje, kter\u00e9 se ho t\u00fdkaj\u00ed, jsou \u010di nejsou zpracov\u00e1v\u00e1ny dle \u010dl. 15 GDPR)<br \/>\n<\/span><\/p>\n<p><span style=\"font-size: medium;\">Pr\u00e1vo na opravu (subjekt \u00fadaj\u016f m\u00e1 pr\u00e1vo na to, aby SPR\u00c1VCE bez zbyte\u010dn\u00e9ho odkladu opravil nep\u0159esn\u00e9 osobn\u00ed \u00fadaje, kter\u00e9 se ho t\u00fdkaj\u00ed, jako\u017e i pr\u00e1vo na dopln\u011bn\u00ed ne\u00fapln\u00fdch osobn\u00edch \u00fadaj\u016f podle \u010dl. 16 GDPR).<\/span><\/p>\n<p><span style=\"font-size: medium;\">Pr\u00e1vo na v\u00fdmaz (subjekt \u00fadaj\u016f m\u00e1 pr\u00e1vo na to, aby SPR\u00c1VCE bez zbyte\u010dn\u00e9ho odkladu vymazal osobn\u00ed \u00fadaje t\u00fdkaj\u00edc\u00ed se subjektu \u00fadaj\u016f v p\u0159\u00edpad\u011b jednoho z d\u016fvod\u016f uveden\u00fdch v \u010dl. 17 GDPR).<\/span><\/p>\n<p><span style=\"font-size: medium;\">Pr\u00e1vo na omezen\u00ed zpracov\u00e1n\u00ed (subjekt \u00fadaj\u016f m\u00e1 pr\u00e1vo na to, aby SPR\u00c1VCE omezil zpracov\u00e1n\u00ed v p\u0159\u00edpadech uveden\u00fdch v \u010dl. 18 GDPR).<\/span><\/p>\n<p><span style=\"font-size: medium;\">Pr\u00e1vo na p\u0159enositelnost \u00fadaj\u016f (subjekt \u00fadaj\u016f m\u00e1 pr\u00e1vo z\u00edskat osobn\u00ed \u00fadaje, kter\u00e9 se ho t\u00fdkaj\u00ed a kter\u00e9 poskytl SPR\u00c1VCI, ve strukturovan\u00e9m, b\u011b\u017en\u011b pou\u017e\u00edvan\u00e9m a strojov\u011b \u010diteln\u00e9m form\u00e1tu, a pr\u00e1vo p\u0159edat tyto \u00fadaje jin\u00e9mu SPR\u00c1VCE, ani\u017e by tomu br\u00e1nil SPR\u00c1VCE, kter\u00e9mu byly osobn\u00ed \u00fadaje poskytnuty, v p\u0159\u00edpadech uveden\u00fdch v \u010dl. 20 GDPR).<\/span><\/p>\n<p><span style=\"font-size: medium;\">Z\u00e1kazn\u00edk m\u016f\u017ee uplatnit pr\u00e1vo na p\u0159enositelnost \u00fadaj\u016f pouze v p\u0159\u00edpad\u011b zpracov\u00e1n\u00ed osobn\u00edch \u00fadaj\u016f za \u00fa\u010delem pln\u011bn\u00ed smlouvy dle \u010dl. 20 GDPR.<\/span><\/p>\n<p><span style=\"font-size: medium;\">Pr\u00e1vo vzn\u00e9st n\u00e1mitku (subjekt \u00fadaj\u016f m\u00e1 pr\u00e1vo kdykoli vzn\u00e9st n\u00e1mitku proti zpracov\u00e1n\u00ed osobn\u00edch \u00fadaj\u016f, kter\u00e9 se ho t\u00fdkaj\u00ed, z d\u016fvod\u016f t\u00fdkaj\u00edc\u00edch se jeho konkr\u00e9tn\u00ed situace, na z\u00e1klad\u011b \u010dl. 6 odst. 1 p\u00edsm. e) nebo f) GDPR, v\u010detn\u011b profilov\u00e1n\u00ed na z\u00e1klad\u011b t\u011bchto ustanoven\u00ed dle \u010dl. 21 GDPR).  <\/span><\/p>\n<p><span style=\"font-size: medium;\">Z\u00e1kazn\u00edk m\u016f\u017ee uplatnit pr\u00e1vo vzn\u00e9st n\u00e1mitku pouze v p\u0159\u00edpad\u011b zpracov\u00e1n\u00ed osobn\u00edch \u00fadaj\u016f pro \u00fa\u010dely zas\u00edl\u00e1n\u00ed obchodn\u00edch sd\u011blen\u00ed (p\u0159\u00edm\u00fd marketing), co\u017e zahrnuje profilov\u00e1n\u00ed, pokud jde o tento p\u0159\u00edm\u00fd marketing dle \u010dl. 21 GDPR (viz v\u00fd\u0161e).<\/span><\/p>\n<p><span style=\"font-size: medium;\">Pr\u00e1vo neb\u00fdt p\u0159edm\u011btem \u017e\u00e1dn\u00e9ho rozhodnut\u00ed zalo\u017een\u00e9ho v\u00fdhradn\u011b na automatizovan\u00e9m zpracov\u00e1n\u00ed (subjekt \u00fadaj\u016f m\u00e1 pr\u00e1vo neb\u00fdt p\u0159edm\u011btem \u017e\u00e1dn\u00e9ho rozhodnut\u00ed zalo\u017een\u00e9ho v\u00fdhradn\u011b na automatizovan\u00e9m zpracov\u00e1n\u00ed, v\u010detn\u011b profilov\u00e1n\u00ed, kter\u00e9 m\u00e1 pro n\u011bj pr\u00e1vn\u00ed \u00fa\u010dinky nebo se ho v\u00fdznamn\u011b dot\u00fdk\u00e1 ho\/ji v souladu s \u010dl. 22 GDPR).<\/span><\/p>\n<p><span style=\"font-size: medium;\">Pr\u00e1vo podat st\u00ed\u017enost u dozorov\u00e9ho \u00fa\u0159adu, kter\u00fdm je \u00da\u0159ad pro ochranu osobn\u00edch \u00fadaj\u016f, se s\u00eddlem Pplk. Sochora 727\/27, PS\u010c 170 00, Praha 7. <\/span><\/p>\n<p><span style=\"font-size: medium;\">Kontaktem z\u00e1kazn\u00edka pro dotazy t\u00fdkaj\u00edc\u00ed se poskytnut\u00fdch osobn\u00edch \u00fadaj\u016f, \u017e\u00e1dosti o v\u00fdmaz, p\u0159enos nebo \u00fapravu poskytnut\u00fdch osobn\u00edch \u00fadaj\u016f je <a href=\"mailto:info@mosaichouse.com\">info@mosaichouse.com<\/a>.<\/span><\/p>\n","protected":false},"excerpt":{"rendered":"<p>V\u00e1\u017een\u00ed host\u00e9, Mosaic House s. r. o., Odbor\u016f 278\/4, 120 00 Praha (d\u00e1le jen SPR\u00c1VCE) si je v\u011bdom nebezpe\u010d\u00ed plynouc\u00edho z nezodpov\u011bdn\u00e9ho zpracov\u00e1n\u00ed osobn\u00edch \u00fadaj\u016f. V\u00edt\u00e1me proto na\u0159\u00edzen\u00ed Evropsk\u00e9ho parlamentu a Rady (ES) 2016\/679 ze dne 27. dubna 2016 o ochran\u011b fyzick\u00fdch osob v souvislosti se zpracov\u00e1n\u00edm osobn\u00edch \u00fadaj\u016f a o voln\u00e9m pohybu t\u011bchto \u00fadaj\u016f [&hellip;]<\/p>\n","protected":false},"author":14,"featured_media":0,"parent":0,"menu_order":0,"comment_status":"closed","ping_status":"closed","template":"","meta":{"_et_pb_use_builder":"","_et_pb_old_content":"","_et_gb_content_width":"","inline_featured_image":false,"footnotes":""},"dipi_cpt_category":[],"class_list":["post-21996524","page","type-page","status-publish","hentry"],"_links":{"self":[{"href":"https:\/\/www.themanes.cz\/cs\/wp-json\/wp\/v2\/pages\/21996524","targetHints":{"allow":["GET"]}}],"collection":[{"href":"https:\/\/www.themanes.cz\/cs\/wp-json\/wp\/v2\/pages"}],"about":[{"href":"https:\/\/www.themanes.cz\/cs\/wp-json\/wp\/v2\/types\/page"}],"author":[{"embeddable":true,"href":"https:\/\/www.themanes.cz\/cs\/wp-json\/wp\/v2\/users\/14"}],"replies":[{"embeddable":true,"href":"https:\/\/www.themanes.cz\/cs\/wp-json\/wp\/v2\/comments?post=21996524"}],"version-history":[{"count":0,"href":"https:\/\/www.themanes.cz\/cs\/wp-json\/wp\/v2\/pages\/21996524\/revisions"}],"wp:attachment":[{"href":"https:\/\/www.themanes.cz\/cs\/wp-json\/wp\/v2\/media?parent=21996524"}],"wp:term":[{"taxonomy":"dipi_cpt_category","embeddable":true,"href":"https:\/\/www.themanes.cz\/cs\/wp-json\/wp\/v2\/dipi_cpt_category?post=21996524"}],"curies":[{"name":"wp","href":"https:\/\/api.w.org\/{rel}","templated":true}]}}